{"id":276,"date":"2019-12-09T11:10:58","date_gmt":"2019-12-09T11:10:58","guid":{"rendered":"https:\/\/demo.wpzoom.com\/derive\/?page_id=276"},"modified":"2025-06-22T11:37:57","modified_gmt":"2025-06-22T11:37:57","slug":"um","status":"publish","type":"page","link":"https:\/\/doineurope.com\/de\/um\/","title":{"rendered":"Um"},"content":{"rendered":"<p>D\u00e9rive ist ein WordPress-Theme f\u00fcr Reisen und Fotografie, das Ihnen hilft, herausragende visuelle Geschichten zu erstellen. Dank seiner Flexibilit\u00e4t eignet sich das Theme ideal f\u00fcr Reisefotografen, Geschichtenerz\u00e4hler und Fotojournalisten, die ihre Erlebnisse online pr\u00e4sentieren m\u00f6chten.<\/p>\n\t\t\t\t<figure>\n\t\t\t\t<img decoding=\"async\" src=\"https:\/\/doineurope.com\/wp-content\/uploads\/2019\/12\/photo3.png\" alt=\"photo3\" itemprop=\"image\"\/>\n\t\t\t\t\t\t<figcaption>\n\t\t\t\t<h3>\n\t\t\t\t\t\t\t\tMichael Chosen\n\t\t\t\t\t\t\t\t<\/h3>\n\t\t\t\tFotograf\n\t\t\t\t\t\t\t\t\t<p>Dies ist ein Blindtext. Sie sollten diesen Blindtext eigentlich nicht lesen. Er dient lediglich als Platzhalter f\u00fcr Personen, die eine Visualisierung ben\u00f6tigen, wie der eigentliche Text aussehen k\u00f6nnte, wenn es sich um echten Inhalt handeln w\u00fcrde.<\/p>\n\t\t\t\t\t\t\t<\/figcaption>\n\t\t<\/figure>\n\t\t\t\t<figure>\n\t\t\t\t<img decoding=\"async\" src=\"https:\/\/doineurope.com\/wp-content\/uploads\/2019\/12\/photo2.png\" alt=\"photo3\" itemprop=\"image\"\/>\n\t\t\t\t\t\t<figcaption>\n\t\t\t\t<h3>\n\t\t\t\t\t\t\t\tGrace Lowe\n\t\t\t\t\t\t\t\t<\/h3>\n\t\t\t\tFotograf\n\t\t\t\t\t\t\t\t\t<p>Dies ist ein Blindtext. Sie sollten diesen Blindtext eigentlich nicht lesen. Er dient lediglich als Platzhalter f\u00fcr Personen, die eine Visualisierung ben\u00f6tigen, wie der eigentliche Text aussehen k\u00f6nnte, wenn es sich um echten Inhalt handeln w\u00fcrde.<\/p>\n\t\t\t\t\t\t\t<\/figcaption>\n\t\t<\/figure>\n\t\t\t\t<figure>\n\t\t\t\t<img decoding=\"async\" src=\"https:\/\/doineurope.com\/wp-content\/uploads\/2019\/12\/photo1.png\" alt=\"photo3\" itemprop=\"image\"\/>\n\t\t\t\t\t\t<figcaption>\n\t\t\t\t<h3>\n\t\t\t\t\t\t\t\tTim Trail\n\t\t\t\t\t\t\t\t<\/h3>\n\t\t\t\tJournalist\n\t\t\t\t\t\t\t\t\t<p>Dies ist ein Blindtext. Sie sollten diesen Blindtext eigentlich nicht lesen. Er dient lediglich als Platzhalter f\u00fcr Personen, die eine Visualisierung ben\u00f6tigen, wie der eigentliche Text aussehen k\u00f6nnte, wenn es sich um echten Inhalt handeln w\u00fcrde.<\/p>\n\t\t\t\t\t\t\t<\/figcaption>\n\t\t<\/figure>","protected":false},"excerpt":{"rendered":"<p>D\u00e9rive is a travel &amp; photography WordPress theme, intended to help you create outstanding visual stories. The flexibility of the theme makes it an ideal fit for travel photographers, storytellers, and photojournalists that want to present their experiences online. Michael Chosen Photographer This is some dummy copy. You\u2019re not really [&hellip;]<\/p>","protected":false},"author":1,"featured_media":0,"parent":0,"menu_order":0,"comment_status":"closed","ping_status":"closed","template":"page-templates\/full-width-no-title.php","meta":{"_editorskit_title_hidden":false,"_editorskit_reading_time":1,"_editorskit_is_block_options_detached":false,"_editorskit_block_options_position":"{}","footnotes":""},"class_list":["post-276","page","type-page","status-publish","hentry"],"_links":{"self":[{"href":"https:\/\/doineurope.com\/de\/wp-json\/wp\/v2\/pages\/276","targetHints":{"allow":["GET"]}}],"collection":[{"href":"https:\/\/doineurope.com\/de\/wp-json\/wp\/v2\/pages"}],"about":[{"href":"https:\/\/doineurope.com\/de\/wp-json\/wp\/v2\/types\/page"}],"author":[{"embeddable":true,"href":"https:\/\/doineurope.com\/de\/wp-json\/wp\/v2\/users\/1"}],"replies":[{"embeddable":true,"href":"https:\/\/doineurope.com\/de\/wp-json\/wp\/v2\/comments?post=276"}],"version-history":[{"count":1,"href":"https:\/\/doineurope.com\/de\/wp-json\/wp\/v2\/pages\/276\/revisions"}],"predecessor-version":[{"id":456,"href":"https:\/\/doineurope.com\/de\/wp-json\/wp\/v2\/pages\/276\/revisions\/456"}],"wp:attachment":[{"href":"https:\/\/doineurope.com\/de\/wp-json\/wp\/v2\/media?parent=276"}],"curies":[{"name":"wp","href":"https:\/\/api.w.org\/{rel}","templated":true}]}}