{"id":276,"date":"2019-12-09T11:10:58","date_gmt":"2019-12-09T11:10:58","guid":{"rendered":"https:\/\/demo.wpzoom.com\/derive\/?page_id=276"},"modified":"2025-06-22T11:37:57","modified_gmt":"2025-06-22T11:37:57","slug":"a-propos","status":"publish","type":"page","link":"https:\/\/doineurope.com\/fr\/a-propos\/","title":{"rendered":"\u00c0 propos"},"content":{"rendered":"<p>D\u00e9rive est un th\u00e8me WordPress d\u00e9di\u00e9 au voyage et \u00e0 la photographie, con\u00e7u pour vous aider \u00e0 cr\u00e9er des r\u00e9cits visuels exceptionnels. Sa flexibilit\u00e9 en fait un choix id\u00e9al pour les photographes de voyage, les conteurs et les photojournalistes qui souhaitent pr\u00e9senter leurs exp\u00e9riences en ligne.<\/p>\n\t\t\t\t<figure>\n\t\t\t\t<img decoding=\"async\" src=\"https:\/\/doineurope.com\/wp-content\/uploads\/2019\/12\/photo3.png\" alt=\"photo3\" itemprop=\"image\"\/>\n\t\t\t\t\t\t<figcaption>\n\t\t\t\t<h3>\n\t\t\t\t\t\t\t\tMichael Chosen\n\t\t\t\t\t\t\t\t<\/h3>\n\t\t\t\tPhotographe\n\t\t\t\t\t\t\t\t\t<p>Ceci est un texte fictif. Vous n&#039;\u00eates pas cens\u00e9 le lire\u00a0; il s&#039;agit simplement d&#039;un espace r\u00e9serv\u00e9 pour ceux qui ont besoin d&#039;un texte pour visualiser \u00e0 quoi ressemblerait le texte r\u00e9el s&#039;il s&#039;agissait de contenu r\u00e9el.<\/p>\n\t\t\t\t\t\t\t<\/figcaption>\n\t\t<\/figure>\n\t\t\t\t<figure>\n\t\t\t\t<img decoding=\"async\" src=\"https:\/\/doineurope.com\/wp-content\/uploads\/2019\/12\/photo2.png\" alt=\"photo3\" itemprop=\"image\"\/>\n\t\t\t\t\t\t<figcaption>\n\t\t\t\t<h3>\n\t\t\t\t\t\t\t\tGrace Lowe\n\t\t\t\t\t\t\t\t<\/h3>\n\t\t\t\tPhotographe\n\t\t\t\t\t\t\t\t\t<p>Ceci est un texte fictif. Vous n&#039;\u00eates pas cens\u00e9 le lire\u00a0; il s&#039;agit simplement d&#039;un espace r\u00e9serv\u00e9 pour ceux qui ont besoin d&#039;un texte pour visualiser \u00e0 quoi ressemblerait le texte r\u00e9el s&#039;il s&#039;agissait de contenu r\u00e9el.<\/p>\n\t\t\t\t\t\t\t<\/figcaption>\n\t\t<\/figure>\n\t\t\t\t<figure>\n\t\t\t\t<img decoding=\"async\" src=\"https:\/\/doineurope.com\/wp-content\/uploads\/2019\/12\/photo1.png\" alt=\"photo3\" itemprop=\"image\"\/>\n\t\t\t\t\t\t<figcaption>\n\t\t\t\t<h3>\n\t\t\t\t\t\t\t\tTim Trail\n\t\t\t\t\t\t\t\t<\/h3>\n\t\t\t\tJournaliste\n\t\t\t\t\t\t\t\t\t<p>Ceci est un texte fictif. Vous n&#039;\u00eates pas cens\u00e9 le lire\u00a0; il s&#039;agit simplement d&#039;un espace r\u00e9serv\u00e9 pour ceux qui ont besoin d&#039;un texte pour visualiser \u00e0 quoi ressemblerait le texte r\u00e9el s&#039;il s&#039;agissait de contenu r\u00e9el.<\/p>\n\t\t\t\t\t\t\t<\/figcaption>\n\t\t<\/figure>","protected":false},"excerpt":{"rendered":"<p>D\u00e9rive is a travel &amp; photography WordPress theme, intended to help you create outstanding visual stories. The flexibility of the theme makes it an ideal fit for travel photographers, storytellers, and photojournalists that want to present their experiences online. Michael Chosen Photographer This is some dummy copy. You\u2019re not really [&hellip;]<\/p>","protected":false},"author":1,"featured_media":0,"parent":0,"menu_order":0,"comment_status":"closed","ping_status":"closed","template":"page-templates\/full-width-no-title.php","meta":{"_editorskit_title_hidden":false,"_editorskit_reading_time":1,"_editorskit_is_block_options_detached":false,"_editorskit_block_options_position":"{}","footnotes":""},"class_list":["post-276","page","type-page","status-publish","hentry"],"_links":{"self":[{"href":"https:\/\/doineurope.com\/fr\/wp-json\/wp\/v2\/pages\/276","targetHints":{"allow":["GET"]}}],"collection":[{"href":"https:\/\/doineurope.com\/fr\/wp-json\/wp\/v2\/pages"}],"about":[{"href":"https:\/\/doineurope.com\/fr\/wp-json\/wp\/v2\/types\/page"}],"author":[{"embeddable":true,"href":"https:\/\/doineurope.com\/fr\/wp-json\/wp\/v2\/users\/1"}],"replies":[{"embeddable":true,"href":"https:\/\/doineurope.com\/fr\/wp-json\/wp\/v2\/comments?post=276"}],"version-history":[{"count":1,"href":"https:\/\/doineurope.com\/fr\/wp-json\/wp\/v2\/pages\/276\/revisions"}],"predecessor-version":[{"id":456,"href":"https:\/\/doineurope.com\/fr\/wp-json\/wp\/v2\/pages\/276\/revisions\/456"}],"wp:attachment":[{"href":"https:\/\/doineurope.com\/fr\/wp-json\/wp\/v2\/media?parent=276"}],"curies":[{"name":"wp","href":"https:\/\/api.w.org\/{rel}","templated":true}]}}